{"id":75,"date":"2023-02-03T16:15:54","date_gmt":"2023-02-03T15:15:54","guid":{"rendered":"https:\/\/dandiag.wordpress.com\/?page_id=75"},"modified":"2023-06-06T07:34:55","modified_gmt":"2023-06-06T07:34:55","slug":"leverantorer-produkter","status":"publish","type":"page","link":"https:\/\/dandiag.se\/?page_id=75","title":{"rendered":"Produkter"},"content":{"rendered":"\n<div class=\"wp-block-cover alignfull is-light\" style=\"min-height:600px;aspect-ratio:unset;\"><span aria-hidden=\"true\" class=\"wp-block-cover__background has-luminous-vivid-orange-background-color has-background-dim-40 has-background-dim\"><\/span><img decoding=\"async\" class=\"wp-block-cover__image-background wp-image-15\" alt=\"\" src=\"https:\/\/dandiag.se\/wp-content\/uploads\/2023\/01\/dandiag-lab-1.jpg\" data-object-fit=\"cover\"\/><div class=\"wp-block-cover__inner-container is-layout-flow wp-block-cover-is-layout-flow\">\n<h1 class=\"has-text-align-center wp-block-heading has-background-color has-text-color\" style=\"font-size:4.7rem;text-transform:uppercase\">Vi samarbetar med ledande leverant\u00f6rer<\/h1>\n<\/div><\/div>\n\n\n\n<div style=\"height:100px\" aria-hidden=\"true\" class=\"wp-block-spacer\"><\/div>\n\n\n\n<div class=\"wp-block-media-text alignwide is-stacked-on-mobile\"><figure class=\"wp-block-media-text__media\"><a href=\"https:\/\/www.analytik-jena.com\/products\/liquid-handling-automation\/\" target=\"_blank\" rel=\"noreferrer noopener\"><img loading=\"lazy\" decoding=\"async\" width=\"1024\" height=\"576\" src=\"https:\/\/dandiag.se\/wp-content\/uploads\/2023\/06\/CyBio-qPCR-and-PCR-platform-1024x576.png\" alt=\"\" class=\"wp-image-362 size-full\" srcset=\"https:\/\/dandiag.se\/wp-content\/uploads\/2023\/06\/CyBio-qPCR-and-PCR-platform-1024x576.png 1024w, https:\/\/dandiag.se\/wp-content\/uploads\/2023\/06\/CyBio-qPCR-and-PCR-platform-300x169.png 300w, https:\/\/dandiag.se\/wp-content\/uploads\/2023\/06\/CyBio-qPCR-and-PCR-platform-768x432.png 768w, https:\/\/dandiag.se\/wp-content\/uploads\/2023\/06\/CyBio-qPCR-and-PCR-platform-1536x864.png 1536w, https:\/\/dandiag.se\/wp-content\/uploads\/2023\/06\/CyBio-qPCR-and-PCR-platform.png 1920w\" sizes=\"auto, (max-width: 1024px) 100vw, 1024px\" \/><\/a><\/figure><div class=\"wp-block-media-text__content\">\n<p><strong>ANALYTIK JENA<\/strong><\/p>\n\n\n\n<p>Automatiserade v\u00e4tskehanteringsplattformar och skr\u00e4ddarsydd labbautomation &#8211; vi f\u00f6rser dig med den optimala l\u00f6sningen f\u00f6r ditt arbetsfl\u00f6de. I deras portfolio hittar du:<\/p>\n\n\n\n<ul class=\"wp-block-list\">\n<li>Halvautomatisk v\u00e4tskehantering SELMA<\/li>\n\n\n\n<li>Modul\u00e4r byggd pipetteringsrobot FeliX<\/li>\n\n\n\n<li>Robotarm f\u00f6r att helt automatisera FeliX<\/li>\n\n\n\n<li>High throughput v\u00e4skehantering Well Vario<\/li>\n\n\n\n<li>Skrivare, pl\u00e5tf\u00f6rvaring och staplare<\/li>\n<\/ul>\n\n\n\n<div class=\"wp-block-buttons is-layout-flex wp-block-buttons-is-layout-flex\"><\/div>\n\n\n\n<div class=\"wp-block-buttons is-content-justification-left is-layout-flex wp-container-core-buttons-is-layout-fc4fd283 wp-block-buttons-is-layout-flex\"><\/div>\n<\/div><\/div>\n\n\n\n<div class=\"wp-block-media-text alignwide is-stacked-on-mobile\"><figure class=\"wp-block-media-text__media\"><a href=\"https:\/\/eu-en.ohaus.com\/en-EU\/Products\/Laboratory-Equipment-9\" target=\"_blank\" rel=\"noreferrer noopener\"><img decoding=\"async\" src=\"https:\/\/dandiag.se\/wp-content\/uploads\/2023\/01\/shakers-family-shot-1.jpg?w=1024\" alt=\"\" class=\"wp-image-77 size-full\"\/><\/a><\/figure><div class=\"wp-block-media-text__content\">\n<p><strong>OHAUS<\/strong><\/p>\n\n\n\n<p>V\u00e4rderar du b\u00e5de precision och kvalitet? D\u00e5 \u00e4r OHAUS produkter precis r\u00e4tt f\u00f6r dig. I deras portfolio hittar du:<\/p>\n\n\n\n<ul class=\"wp-block-list\">\n<li>Laboratorieskalor fr\u00e5n 0 till 5 decimaler<\/li>\n\n\n\n<li>Industriella v\u00e5gar<\/li>\n\n\n\n<li>Centrifuger<\/li>\n\n\n\n<li>Magnetomr\u00f6rare<\/li>\n\n\n\n<li>V\u00e4rmeblock<\/li>\n\n\n\n<li>Vipp- och skakbord<\/li>\n\n\n\n<li>Inkubatorer<\/li>\n<\/ul>\n\n\n\n<div class=\"wp-block-buttons is-layout-flex wp-block-buttons-is-layout-flex\"><\/div>\n\n\n\n<div class=\"wp-block-buttons is-content-justification-left is-layout-flex wp-container-core-buttons-is-layout-fc4fd283 wp-block-buttons-is-layout-flex\"><\/div>\n<\/div><\/div>\n\n\n\n<div class=\"wp-block-media-text alignwide is-stacked-on-mobile\"><figure class=\"wp-block-media-text__media\"><a href=\"https:\/\/www.sartorius.com\/en\" target=\"_blank\" rel=\"noreferrer noopener\"><img decoding=\"async\" src=\"https:\/\/dandiag.se\/wp-content\/uploads\/2023\/01\/sartorius_0309_pg11.jpg?w=1024\" alt=\"\" class=\"wp-image-81 size-full\"\/><\/a><\/figure><div class=\"wp-block-media-text__content\">\n<p><\/p>\n\n\n\n<p><br><strong>SARTORIUS<\/strong><\/p>\n\n\n\n<p>Sartorius \u00e4r ett gediget och erk\u00e4nt varum\u00e4rke som du hittar i de flesta laboratorier. De \u00e4r starka i kvalitet, design, ergonomi och precision och noggrannhet. I deras portfolio hittar du:<\/p>\n\n\n\n<ul class=\"wp-block-list\">\n<li>Laboratorieskalor fr\u00e5n 0 till 7 decimaler<\/li>\n\n\n\n<li>Pipetter<\/li>\n\n\n\n<li>Pipettspetsar med och utan filter<\/li>\n\n\n\n<li>Vakuumfiltrering<\/li>\n\n\n\n<li>Proteinrening<\/li>\n\n\n\n<li>Filtrering av sprutor<\/li>\n\n\n\n<li>Laboratorievattensystem<\/li>\n\n\n\n<li>Dispenser f\u00f6r flaska<\/li>\n<\/ul>\n\n\n\n<div class=\"wp-block-buttons is-layout-flex wp-block-buttons-is-layout-flex\"><\/div>\n\n\n\n<p><br><\/p>\n\n\n\n<div class=\"wp-block-buttons is-layout-flex wp-block-buttons-is-layout-flex\"><\/div>\n<\/div><\/div>\n\n\n\n<div class=\"wp-block-media-text alignwide is-stacked-on-mobile\"><figure class=\"wp-block-media-text__media\"><a href=\"https:\/\/shop.brand.de\/en\/\" target=\"_blank\" rel=\"noreferrer noopener\"><img loading=\"lazy\" decoding=\"async\" width=\"1024\" height=\"571\" src=\"https:\/\/dandiag.se\/wp-content\/uploads\/2023\/01\/csm_lhs_flow_image_0c1a19a925.png?w=1024\" alt=\"\" class=\"wp-image-83 size-full\" srcset=\"https:\/\/dandiag.se\/wp-content\/uploads\/2023\/01\/csm_lhs_flow_image_0c1a19a925.png 1024w, https:\/\/dandiag.se\/wp-content\/uploads\/2023\/01\/csm_lhs_flow_image_0c1a19a925-300x167.png 300w, https:\/\/dandiag.se\/wp-content\/uploads\/2023\/01\/csm_lhs_flow_image_0c1a19a925-768x428.png 768w\" sizes=\"auto, (max-width: 1024px) 100vw, 1024px\" \/><\/a><\/figure><div class=\"wp-block-media-text__content\">\n<p><strong>BRAND<\/strong><\/p>\n\n\n\n<p>Tyska BRAND \u00e4r v\u00e4rldsk\u00e4nda f\u00f6r sin volymetriska glasutrustning. De \u00e4r specialiserade p\u00e5 volymetrisk utrustning och deras portf\u00f6lj inkluderar:<\/p>\n\n\n\n<ul class=\"wp-block-list\">\n<li>Pipetter<\/li>\n\n\n\n<li>Pipettspetsar med och utan filter<\/li>\n\n\n\n<li>Dispenser<\/li>\n\n\n\n<li>Dispenser f\u00f6r flaska<\/li>\n\n\n\n<li>Pipetteringsrobot<\/li>\n\n\n\n<li>Volumetrisk glasutrustning<\/li>\n<\/ul>\n\n\n\n<div class=\"wp-block-buttons is-layout-flex wp-block-buttons-is-layout-flex\"><\/div>\n\n\n\n<div class=\"wp-block-buttons is-layout-flex wp-block-buttons-is-layout-flex\"><\/div>\n\n\n\n<div class=\"wp-block-group is-layout-constrained wp-block-group-is-layout-constrained\"><\/div>\n<\/div><\/div>\n\n\n\n<div class=\"wp-block-media-text alignwide is-stacked-on-mobile\"><figure class=\"wp-block-media-text__media\"><a href=\"https:\/\/www.mt.com\/se\/sv\/home\/products\/Laboratory_Analytics_Browse.html\" target=\"_blank\" rel=\"noreferrer noopener\"><img decoding=\"async\" src=\"https:\/\/dandiag.se\/wp-content\/uploads\/2023\/01\/sbu-ph-lab-meter-portfolio-picture_jpg-1.jpg?w=640\" alt=\"\" class=\"wp-image-87 size-full\"\/><\/a><\/figure><div class=\"wp-block-media-text__content\">\n<p><\/p>\n\n\n\n<p><strong>METTLER TOLEDO<\/strong><\/p>\n\n\n\n<p>Analytiska instrument \u00e4r ett av Mettler Toledos k\u00e4rnomr\u00e5den. H\u00e4r f\u00e5r du anv\u00e4ndarv\u00e4nlighet, m\u00e5nga funktioner och kvalitet. I deras portfolio hittar du:<\/p>\n\n\n\n<ul class=\"wp-block-list\">\n<li>Station\u00e4r pH-m\u00e4tare<\/li>\n\n\n\n<li>Handh\u00e5llen pH-m\u00e4tare<\/li>\n\n\n\n<li>Elektroder<\/li>\n\n\n\n<li>DO-m\u00e4tare<\/li>\n\n\n\n<li>Konduktivitetsm\u00e4tare<\/li>\n\n\n\n<li>Densitetsm\u00e4tare<\/li>\n\n\n\n<li>Handh\u00e5llen refraktometer<\/li>\n\n\n\n<li>Buffert, elektrolyt och reng\u00f6ring<\/li>\n<\/ul>\n\n\n\n<div class=\"wp-block-buttons is-layout-flex wp-block-buttons-is-layout-flex\"><\/div>\n\n\n\n<div style=\"height:100px\" aria-hidden=\"true\" class=\"wp-block-spacer\"><\/div>\n<\/div><\/div>\n\n\n\n<div class=\"wp-block-media-text alignwide is-stacked-on-mobile\"><figure class=\"wp-block-media-text__media\"><a href=\"http:\/\/rotapure.dk\/\" target=\"_blank\" rel=\"noreferrer noopener\"><img decoding=\"async\" src=\"https:\/\/dandiag.se\/wp-content\/uploads\/2023\/01\/rotator.png?w=1024\" alt=\"\" class=\"wp-image-89 size-full\"\/><\/a><\/figure><div class=\"wp-block-media-text__content\">\n<p><strong>ROTAPURE<\/strong><\/p>\n\n\n\n<p>Har du stor kapacitet p\u00e5 centrifugr\u00f6r som beh\u00f6ver v\u00e4ndas eller har du olika r\u00f6r som beh\u00f6ver v\u00e4ndas?<br>D\u00e5 \u00e4r RotaPure-rotatorn produkten du beh\u00f6ver. Du kan v\u00e4lja mellan f\u00f6ljande alternativ:<\/p>\n\n\n\n<ul class=\"wp-block-list\">\n<li>Rotator med plats f\u00f6r 348 st. 1,5 eller 2 ml mikrocentrifugr\u00f6r<\/li>\n\n\n\n<li>Rotator med hyllor och st\u00e4ll som kan designas f\u00f6r dina r\u00f6r och dina behov<\/li>\n<\/ul>\n\n\n\n<div class=\"wp-block-buttons is-layout-flex wp-block-buttons-is-layout-flex\"><\/div>\n<\/div><\/div>\n","protected":false},"excerpt":{"rendered":"","protected":false},"author":2,"featured_media":0,"parent":0,"menu_order":0,"comment_status":"closed","ping_status":"closed","template":"","meta":{"footnotes":""},"class_list":["post-75","page","type-page","status-publish","hentry"],"_links":{"self":[{"href":"https:\/\/dandiag.se\/index.php?rest_route=\/wp\/v2\/pages\/75","targetHints":{"allow":["GET"]}}],"collection":[{"href":"https:\/\/dandiag.se\/index.php?rest_route=\/wp\/v2\/pages"}],"about":[{"href":"https:\/\/dandiag.se\/index.php?rest_route=\/wp\/v2\/types\/page"}],"author":[{"embeddable":true,"href":"https:\/\/dandiag.se\/index.php?rest_route=\/wp\/v2\/users\/2"}],"replies":[{"embeddable":true,"href":"https:\/\/dandiag.se\/index.php?rest_route=%2Fwp%2Fv2%2Fcomments&post=75"}],"version-history":[{"count":6,"href":"https:\/\/dandiag.se\/index.php?rest_route=\/wp\/v2\/pages\/75\/revisions"}],"predecessor-version":[{"id":364,"href":"https:\/\/dandiag.se\/index.php?rest_route=\/wp\/v2\/pages\/75\/revisions\/364"}],"wp:attachment":[{"href":"https:\/\/dandiag.se\/index.php?rest_route=%2Fwp%2Fv2%2Fmedia&parent=75"}],"curies":[{"name":"wp","href":"https:\/\/api.w.org\/{rel}","templated":true}]}}