{"id":48,"date":"2023-02-03T16:15:52","date_gmt":"2023-02-03T15:15:52","guid":{"rendered":"https:\/\/dandiag.wordpress.com\/?page_id=48"},"modified":"2023-06-06T08:26:45","modified_gmt":"2023-06-06T08:26:45","slug":"home","status":"publish","type":"page","link":"https:\/\/dandiag.se\/","title":{"rendered":"Framsida"},"content":{"rendered":"\n<div class=\"wp-block-group alignfull is-layout-flow wp-container-core-group-is-layout-65021c9f wp-block-group-is-layout-flow\" style=\"padding-bottom:0px\">\n<div class=\"wp-block-cover alignfull is-light\" style=\"margin-top:var(--wp--preset--spacing--50);margin-bottom:0;padding-top:0;padding-right:0;padding-bottom:0;padding-left:0;min-height:600px;aspect-ratio:unset;\"><span aria-hidden=\"true\" class=\"wp-block-cover__background has-background-dim-40 has-background-dim\" style=\"background-color:#f58220\"><\/span><img decoding=\"async\" class=\"wp-block-cover__image-background wp-image-15\" alt=\"\" src=\"https:\/\/dandiag.files.wordpress.com\/2023\/01\/dandiag-lab-1.jpg\" style=\"object-position:44% 62%\" data-object-fit=\"cover\" data-object-position=\"44% 62%\"\/><div class=\"wp-block-cover__inner-container is-layout-flow wp-block-cover-is-layout-flow\">\n<div class=\"wp-block-group is-content-justification-center is-nowrap is-layout-flex wp-container-core-group-is-layout-23441af8 wp-block-group-is-layout-flex\">\n<h1 class=\"has-text-align-center wp-block-heading has-background-color has-text-color\" style=\"font-size:4.7rem;text-transform:uppercase\">Din f\u00f6redragna partner inom  laboratorieutrustning<\/h1>\n<\/div>\n<\/div><\/div>\n\n\n\n<div class=\"wp-block-group alignwide is-layout-constrained wp-container-core-group-is-layout-e5190590 wp-block-group-is-layout-constrained\">\n<div class=\"wp-block-columns alignfull has-small-font-size is-layout-flex wp-container-core-columns-is-layout-28f84493 wp-block-columns-is-layout-flex\">\n<div class=\"wp-block-column is-layout-flow wp-block-column-is-layout-flow\" style=\"padding-top:var(--wp--preset--spacing--80);padding-right:var(--wp--preset--spacing--80);padding-bottom:var(--wp--preset--spacing--80);padding-left:var(--wp--preset--spacing--80)\">\n<h1 class=\"wp-block-heading\" style=\"padding-top:0;padding-right:0;padding-bottom:0;padding-left:0\"><strong>Din f\u00f6redragna partner inom f\u00f6rs\u00e4ljning, service och kalibrering av laboratorieutrustning<\/strong><\/h1>\n\n\n\n<p class=\"has-medium-font-size\">Dandiag \u00e4r Nordens st\u00f6rsta kalibreringslaboratorium och produktspecialister inom v\u00e4tskehantering, vattensystem, v\u00e5gar och filtrering.<\/p>\n<\/div>\n<\/div>\n<\/div>\n<\/div>\n\n\n\n<div class=\"wp-block-group alignfull is-layout-constrained wp-container-core-group-is-layout-3eec5068 wp-block-group-is-layout-constrained\" style=\"margin-top:0px;margin-bottom:0px;padding-top:0px;padding-bottom:120px\">\n<div class=\"wp-block-media-text is-stacked-on-mobile is-vertically-aligned-center\" style=\"padding-top:var(--wp--preset--spacing--50);padding-right:var(--wp--preset--spacing--50);padding-bottom:var(--wp--preset--spacing--50);padding-left:var(--wp--preset--spacing--50)\"><figure class=\"wp-block-media-text__media\"><img decoding=\"async\" src=\"https:\/\/dandiag.files.wordpress.com\/2023\/01\/lh_epippicus_11315-1.png?w=1000\" alt=\"\" class=\"wp-image-117 size-full\"\/><\/figure><div class=\"wp-block-media-text__content\">\n<p class=\"has-x-large-font-size\"><strong>TRADE IN KAMPANJ<\/strong><\/p>\n\n\n\n<p class=\"has-medium-font-size\">Trade in kampanj p\u00e5 Picus-, Picus NxT- och Tacta-pipetter.<br>Uppgradera din gamla pipett och f\u00e5 en ny pipett med upp till 35 %.<\/p>\n\n\n\n<p><\/p>\n\n\n\n<p class=\"has-small-font-size\"><em>Picus, Picus NxT, mLINE och Tacta pipetter s\u00e4ljs inkl. Dandiags \u201dFri servicebesiktning en g\u00e5ng om \u00e5ret\u201d \u2013 under hela pipettens livsl\u00e4ngd.<\/em><\/p>\n<\/div><\/div>\n\n\n\n<div class=\"wp-block-media-text has-media-on-the-right is-stacked-on-mobile is-vertically-aligned-center\" style=\"padding-top:var(--wp--preset--spacing--50);padding-right:var(--wp--preset--spacing--50);padding-bottom:var(--wp--preset--spacing--50);padding-left:var(--wp--preset--spacing--50)\"><div class=\"wp-block-media-text__content\">\n<p class=\"has-x-large-font-size\"><strong>TRADE IN KAMPANJ<\/strong><\/p>\n\n\n\n<p class=\"has-medium-font-size\">Trade in kampanj p\u00e5 Entris laboratoriev\u00e5gar.<br>Uppgradera din gamla v\u00e5gar och f\u00e5 en ny laboratoriev\u00e5gar med upp till 35 %.<\/p>\n<\/div><figure class=\"wp-block-media-text__media\"><img loading=\"lazy\" decoding=\"async\" width=\"690\" height=\"388\" src=\"https:\/\/dandiag.se\/wp-content\/uploads\/2023\/06\/wl-11310-.jpg\" alt=\"\" class=\"wp-image-375 size-full\" srcset=\"https:\/\/dandiag.se\/wp-content\/uploads\/2023\/06\/wl-11310-.jpg 690w, https:\/\/dandiag.se\/wp-content\/uploads\/2023\/06\/wl-11310--300x169.jpg 300w\" sizes=\"auto, (max-width: 690px) 100vw, 690px\" \/><\/figure><\/div>\n\n\n\n<div class=\"wp-block-columns alignfull is-layout-flex wp-container-core-columns-is-layout-7fe9f37d wp-block-columns-is-layout-flex\" style=\"padding-top:var(--wp--preset--spacing--80);padding-right:var(--wp--preset--spacing--80);padding-bottom:var(--wp--preset--spacing--80);padding-left:var(--wp--preset--spacing--80)\">\n<div class=\"wp-block-column is-vertically-aligned-top is-layout-flow wp-block-column-is-layout-flow\">\n<p style=\"font-size:3.2rem\"><strong>DANAK Ackrediterad kalibrering<\/strong><\/p>\n\n\n\n<p>DANAK har f\u00f6rnyat v\u00e5r ackrediteringsreg. Nr 490 f\u00f6r kalibrering av pipetter, byretter och v\u00e5gar. V\u00e5rt kalibreringslaboratorium \u00e4r nu godk\u00e4nt enligt den senaste 2017 \u00e5rs revision av ISO 17025. Ackrediteringsdokumenten visar att v\u00e5rt laboratorium i samarbete med v\u00e5rt skickliga tekniska team har f\u00f6rb\u00e4ttrat m\u00e4tf\u00f6rm\u00e5gan i pipettomr\u00e5det, s\u00e5 att det nu \u00e4r ett av de b\u00e4sta i Danmark.<\/p>\n<\/div>\n<\/div>\n<\/div>\n\n\n\n<div class=\"wp-block-cover alignfull is-light\" style=\"min-height:450px;aspect-ratio:unset;\"><span aria-hidden=\"true\" class=\"wp-block-cover__background has-background-dim-0 has-background-dim\"><\/span><img loading=\"lazy\" decoding=\"async\" width=\"8000\" height=\"3000\" class=\"wp-block-cover__image-background wp-image-191\" alt=\"\" src=\"https:\/\/dandiag.files.wordpress.com\/2023\/01\/saa-enkelt-ar-det-att-handla-hos-oss-2.png\" data-object-fit=\"cover\" srcset=\"https:\/\/dandiag.se\/wp-content\/uploads\/2023\/01\/saa-enkelt-ar-det-att-handla-hos-oss-2.png 8000w, https:\/\/dandiag.se\/wp-content\/uploads\/2023\/01\/saa-enkelt-ar-det-att-handla-hos-oss-2-300x113.png 300w, https:\/\/dandiag.se\/wp-content\/uploads\/2023\/01\/saa-enkelt-ar-det-att-handla-hos-oss-2-1024x384.png 1024w, https:\/\/dandiag.se\/wp-content\/uploads\/2023\/01\/saa-enkelt-ar-det-att-handla-hos-oss-2-768x288.png 768w, https:\/\/dandiag.se\/wp-content\/uploads\/2023\/01\/saa-enkelt-ar-det-att-handla-hos-oss-2-1536x576.png 1536w, https:\/\/dandiag.se\/wp-content\/uploads\/2023\/01\/saa-enkelt-ar-det-att-handla-hos-oss-2-2048x768.png 2048w\" sizes=\"auto, (max-width: 8000px) 100vw, 8000px\" \/><div class=\"wp-block-cover__inner-container is-layout-flow wp-block-cover-is-layout-flow\">\n<p class=\"has-text-align-center has-large-font-size\"><\/p>\n<\/div><\/div>\n\n\n\n<div class=\"wp-block-columns is-layout-flex wp-container-core-columns-is-layout-28f84493 wp-block-columns-is-layout-flex\">\n<div class=\"wp-block-column is-layout-flow wp-block-column-is-layout-flow\" style=\"flex-basis:100%\">\n<div class=\"wp-block-group is-layout-constrained wp-block-group-is-layout-constrained\"><\/div>\n<\/div>\n<\/div>\n","protected":false},"excerpt":{"rendered":"<p>Din f\u00f6redragna partner inom f\u00f6rs\u00e4ljning, service och kalibrering av laboratorieutrustning Dandiag \u00e4r Nordens st\u00f6rsta kalibreringslaboratorium och produktspecialister inom v\u00e4tskehantering, vattensystem, v\u00e5gar och filtrering. TRADE IN KAMPANJ Trade in kampanj p\u00e5 Picus-, Picus NxT- och Tacta-pipetter.Uppgradera din gamla pipett och f\u00e5 en ny pipett med upp till 35 %. Picus, Picus NxT, mLINE och Tacta pipetter [&hellip;]<\/p>\n","protected":false},"author":1,"featured_media":0,"parent":0,"menu_order":1,"comment_status":"closed","ping_status":"closed","template":"header-footer-only","meta":{"footnotes":""},"class_list":["post-48","page","type-page","status-publish","hentry"],"_links":{"self":[{"href":"https:\/\/dandiag.se\/index.php?rest_route=\/wp\/v2\/pages\/48","targetHints":{"allow":["GET"]}}],"collection":[{"href":"https:\/\/dandiag.se\/index.php?rest_route=\/wp\/v2\/pages"}],"about":[{"href":"https:\/\/dandiag.se\/index.php?rest_route=\/wp\/v2\/types\/page"}],"author":[{"embeddable":true,"href":"https:\/\/dandiag.se\/index.php?rest_route=\/wp\/v2\/users\/1"}],"replies":[{"embeddable":true,"href":"https:\/\/dandiag.se\/index.php?rest_route=%2Fwp%2Fv2%2Fcomments&post=48"}],"version-history":[{"count":5,"href":"https:\/\/dandiag.se\/index.php?rest_route=\/wp\/v2\/pages\/48\/revisions"}],"predecessor-version":[{"id":376,"href":"https:\/\/dandiag.se\/index.php?rest_route=\/wp\/v2\/pages\/48\/revisions\/376"}],"wp:attachment":[{"href":"https:\/\/dandiag.se\/index.php?rest_route=%2Fwp%2Fv2%2Fmedia&parent=48"}],"curies":[{"name":"wp","href":"https:\/\/api.w.org\/{rel}","templated":true}]}}