{"id":332,"date":"2023-02-14T10:27:47","date_gmt":"2023-02-14T10:27:47","guid":{"rendered":"https:\/\/dandiag.se\/?page_id=332"},"modified":"2023-02-14T10:33:02","modified_gmt":"2023-02-14T10:33:02","slug":"om-oss","status":"publish","type":"page","link":"https:\/\/dandiag.se\/?page_id=332","title":{"rendered":"Om oss"},"content":{"rendered":"\n<div class=\"wp-block-cover alignfull is-light\" style=\"min-height:600px;aspect-ratio:unset;\"><span aria-hidden=\"true\" class=\"wp-block-cover__background has-luminous-vivid-orange-background-color has-background-dim-40 has-background-dim\"><\/span><img decoding=\"async\" class=\"wp-block-cover__image-background wp-image-15\" alt=\"\" src=\"https:\/\/dandiag.se\/wp-content\/uploads\/2023\/01\/dandiag-lab-1.jpg\" data-object-fit=\"cover\"\/><div class=\"wp-block-cover__inner-container is-layout-flow wp-block-cover-is-layout-flow\">\n<h1 class=\"has-text-align-center wp-block-heading has-background-color has-text-color\" style=\"font-size:4.7rem;text-transform:uppercase\">Vi bryr oss om h\u00e5llbarhet och socialt ansvar<\/h1>\n<\/div><\/div>\n\n\n\n<p class=\"has-x-large-font-size\"><strong>Syn<\/strong><\/p>\n\n\n\n<p>Vi kommer att vara den f\u00f6redragna partnern f\u00f6r f\u00f6rs\u00e4ljning, service och kalibrering av laboratorieutrustning.<\/p>\n\n\n\n<p>Genom v\u00e5ra insatser och transparens vill vi ligga i framkant och lyfta v\u00e5rt ansvar gentemot b\u00e5de samh\u00e4llet och planeten.<\/p>\n\n\n\n<div style=\"height:27px\" aria-hidden=\"true\" class=\"wp-block-spacer\"><\/div>\n\n\n\n<div class=\"wp-block-media-text alignwide is-stacked-on-mobile\"><figure class=\"wp-block-media-text__media\"><img loading=\"lazy\" decoding=\"async\" width=\"1024\" height=\"347\" src=\"https:\/\/dandiag.se\/wp-content\/uploads\/2023\/02\/Dandiag_logo_leaves-1-1024x347.png\" alt=\"\" class=\"wp-image-336 size-full\" srcset=\"https:\/\/dandiag.se\/wp-content\/uploads\/2023\/02\/Dandiag_logo_leaves-1-1024x347.png 1024w, https:\/\/dandiag.se\/wp-content\/uploads\/2023\/02\/Dandiag_logo_leaves-1-300x102.png 300w, https:\/\/dandiag.se\/wp-content\/uploads\/2023\/02\/Dandiag_logo_leaves-1-768x260.png 768w, https:\/\/dandiag.se\/wp-content\/uploads\/2023\/02\/Dandiag_logo_leaves-1-1536x520.png 1536w, https:\/\/dandiag.se\/wp-content\/uploads\/2023\/02\/Dandiag_logo_leaves-1.png 1920w\" sizes=\"auto, (max-width: 1024px) 100vw, 1024px\" \/><\/figure><div class=\"wp-block-media-text__content\">\n<p class=\"has-large-font-size\">V\u00e4rderingar<\/p>\n\n\n\n<p class=\"has-small-font-size\"><strong>Genomf\u00f6rande:<\/strong> Vi s\u00e4tter upp m\u00e5l och f\u00f6rverkligar dem.<\/p>\n\n\n\n<p class=\"has-small-font-size\"><strong>\u00c4garskap:<\/strong> Vi tar ansvar och samarbetar.<\/p>\n\n\n\n<p class=\"has-small-font-size\"><strong>Uth\u00e5llighet:<\/strong> Vi \u00e4r ambiti\u00f6sa och uppm\u00e4rksamma.<\/p>\n\n\n\n<p class=\"has-small-font-size\"><strong>Utveckling: <\/strong>Kvalitet \u00e4r v\u00e5r styrka, kommer v\u00e5r s\u00e4kerhet.<\/p>\n<\/div><\/div>\n\n\n\n<div style=\"height:60px\" aria-hidden=\"true\" class=\"wp-block-spacer\"><\/div>\n\n\n\n<p class=\"has-x-large-font-size\"><strong>Uppdrag<\/strong><\/p>\n\n\n\n<p class=\"has-large-font-size\">Kunskapsdelning<\/p>\n\n\n\n<p>Vi vill att v\u00e5ra kunder genom dialog ska f\u00e5 den b\u00e4sta utg\u00e5ngspunkten f\u00f6r att v\u00e4lja den optimala produkten. Samtidigt vill vi s\u00e4kerst\u00e4lla full nytta av k\u00f6pet, genom r\u00e5dgivning och utbildning, var v\u00e5ra kunder \u00e4n befinner sig.<\/p>\n\n\n\n<div style=\"height:59px\" aria-hidden=\"true\" class=\"wp-block-spacer\"><\/div>\n\n\n\n<p class=\"has-large-font-size\">Service<\/p>\n\n\n\n<p>Vi har ett starkt koncept som g\u00f6r att v\u00e5ra kunder kan k\u00f6pa sin utrustning med en \u00e5rlig servicebesiktning. Vi arbetar enligt ISO17025 och d\u00e4rf\u00f6r \u00e4r all utrustning som anv\u00e4nds f\u00f6r kalibrering sp\u00e5rbar till internationella standarder. V\u00e5rt m\u00e5l \u00e4r att erbjuda den mest ergonomiska utrustningen, samt en toppprofessionell service och kalibrering av laboratorieutrustning.<\/p>\n\n\n\n<div style=\"height:59px\" aria-hidden=\"true\" class=\"wp-block-spacer\"><\/div>\n\n\n\n<p class=\"has-large-font-size\">Lager ledande<\/p>\n\n\n\n<p>F\u00f6r att s\u00e4kerst\u00e4lla en h\u00f6g niv\u00e5 av leveranss\u00e4kerhet och stabilitet lagerf\u00f6r vi den stora majoriteten av v\u00e5rt sortiment. Dandiags sk\u00e5pbil k\u00f6r i hela regionen med fasta leveransdagar till v\u00e5ra kunder.<\/p>\n\n\n\n<div style=\"height:59px\" aria-hidden=\"true\" class=\"wp-block-spacer\"><\/div>\n\n\n\n<p class=\"has-large-font-size\">Support<\/p>\n\n\n\n<p>B\u00e5de produkter och service och kalibrering av laboratorieutrustning v\u00e4cker fr\u00e5gor. D\u00e4rf\u00f6r st\u00e5r vi g\u00e4rna till f\u00f6rfogande f\u00f6r att st\u00f6tta v\u00e5ra kunder s\u00e5 att de kan f\u00e5 ett snabbt svar. Ingen fr\u00e5ga \u00e4r f\u00f6r liten och vi vill vara i \u00f6gonh\u00f6jd med v\u00e5ra kunder.<\/p>\n\n\n\n<div style=\"height:59px\" aria-hidden=\"true\" class=\"wp-block-spacer\"><\/div>\n","protected":false},"excerpt":{"rendered":"<p>Syn Vi kommer att vara den f\u00f6redragna partnern f\u00f6r f\u00f6rs\u00e4ljning, service och kalibrering av laboratorieutrustning. Genom v\u00e5ra insatser och transparens vill vi ligga i framkant och lyfta v\u00e5rt ansvar gentemot b\u00e5de samh\u00e4llet och planeten. V\u00e4rderingar Genomf\u00f6rande: Vi s\u00e4tter upp m\u00e5l och f\u00f6rverkligar dem. \u00c4garskap: Vi tar ansvar och samarbetar. Uth\u00e5llighet: Vi \u00e4r ambiti\u00f6sa och uppm\u00e4rksamma. [&hellip;]<\/p>\n","protected":false},"author":1,"featured_media":0,"parent":0,"menu_order":0,"comment_status":"closed","ping_status":"closed","template":"","meta":{"footnotes":""},"class_list":["post-332","page","type-page","status-publish","hentry"],"_links":{"self":[{"href":"https:\/\/dandiag.se\/index.php?rest_route=\/wp\/v2\/pages\/332","targetHints":{"allow":["GET"]}}],"collection":[{"href":"https:\/\/dandiag.se\/index.php?rest_route=\/wp\/v2\/pages"}],"about":[{"href":"https:\/\/dandiag.se\/index.php?rest_route=\/wp\/v2\/types\/page"}],"author":[{"embeddable":true,"href":"https:\/\/dandiag.se\/index.php?rest_route=\/wp\/v2\/users\/1"}],"replies":[{"embeddable":true,"href":"https:\/\/dandiag.se\/index.php?rest_route=%2Fwp%2Fv2%2Fcomments&post=332"}],"version-history":[{"count":5,"href":"https:\/\/dandiag.se\/index.php?rest_route=\/wp\/v2\/pages\/332\/revisions"}],"predecessor-version":[{"id":340,"href":"https:\/\/dandiag.se\/index.php?rest_route=\/wp\/v2\/pages\/332\/revisions\/340"}],"wp:attachment":[{"href":"https:\/\/dandiag.se\/index.php?rest_route=%2Fwp%2Fv2%2Fmedia&parent=332"}],"curies":[{"name":"wp","href":"https:\/\/api.w.org\/{rel}","templated":true}]}}