{"id":233,"date":"2023-02-03T16:15:49","date_gmt":"2023-02-03T15:15:49","guid":{"rendered":"https:\/\/dandiag.wordpress.com\/?page_id=233"},"modified":"2023-02-14T10:51:40","modified_gmt":"2023-02-14T10:51:40","slug":"service-och-kalibrering","status":"publish","type":"page","link":"https:\/\/dandiag.se\/?page_id=233","title":{"rendered":"Service och kalibrering"},"content":{"rendered":"\n<div class=\"wp-block-cover alignfull is-light\" style=\"min-height:600px;aspect-ratio:unset;\"><span aria-hidden=\"true\" class=\"wp-block-cover__background has-luminous-vivid-orange-background-color has-background-dim-40 has-background-dim\"><\/span><img decoding=\"async\" class=\"wp-block-cover__image-background wp-image-15\" alt=\"\" src=\"https:\/\/dandiag.se\/wp-content\/uploads\/2023\/01\/dandiag-lab-1.jpg\" data-object-fit=\"cover\"\/><div class=\"wp-block-cover__inner-container is-layout-flow wp-block-cover-is-layout-flow\">\n<h1 class=\"has-text-align-center wp-block-heading has-background-color has-text-color\" style=\"font-size:4.7rem;text-transform:uppercase\">Nordens st\u00f6rsta kalibreringslaboratorium<\/h1>\n<\/div><\/div>\n\n\n\n<div style=\"height:100px\" aria-hidden=\"true\" class=\"wp-block-spacer\"><\/div>\n\n\n\n<p><\/p>\n\n\n\n<h2 class=\"alignwide wp-block-heading has-large-font-size\"><strong>Dandiag erbjuder service och reparationer av alla typer och m\u00e4rken av pipetter.<\/strong><\/h2>\n\n\n\n<div class=\"wp-block-media-text alignwide is-stacked-on-mobile\"><figure class=\"wp-block-media-text__media\"><img decoding=\"async\" src=\"https:\/\/dandiag.se\/wp-content\/uploads\/2023\/02\/custom-namedandiag-2016hi3q1033-1.jpg?w=1024\" alt=\"\" class=\"wp-image-269 size-full\"\/><\/figure><div class=\"wp-block-media-text__content\">\n<p>Vi servar och kalibrerar alla pipetthuvuden och pipetter enligt tillverkarens rekommendationer och serviceprotokoll, och erbjuder \u00e4ven standard &amp; DANAK ackrediterad kalibrering av pipetter.<\/p>\n\n\n\n<p>Som en extra s\u00e4kerhets\u00e5tg\u00e4rd har vi inf\u00f6rt UV-bestr\u00e5lning av alla pipetter f\u00f6re service och kalibrering.<\/p>\n\n\n\n<p>Service best\u00e5r av:<\/p>\n\n\n\n<ul class=\"wp-block-list\">\n<li>demontering, reng\u00f6ring och sm\u00f6rjning.<\/li>\n\n\n\n<li>besiktning\/byte av slitna och\/eller defekta reservdelar.<\/li>\n\n\n\n<li>funktions- och t\u00e4thetsprovning.<\/li>\n\n\n\n<li>elektroniska pipetter: PCB och batteritestning (batterier byts enligt tillverkarens riktlinjer).<\/li>\n<\/ul>\n\n\n\n<div class=\"wp-block-buttons is-layout-flex wp-block-buttons-is-layout-flex\"><\/div>\n<\/div><\/div>\n\n\n\n<figure class=\"wp-block-image aligncenter size-full\"><a href=\"https:\/\/forms.office.com\/Pages\/ResponsePage.aspx?id=XM5Pjk9Vsk-I7timzJDXNQgeqosmLX1JgaqZTT7MxylUOVFBNlAyTFdWSlpXM0tYRVYwWlI0NVVHNi4u\" target=\"_blank\" rel=\"noreferrer noopener\"><img loading=\"lazy\" decoding=\"async\" width=\"400\" height=\"100\" src=\"https:\/\/dandiag.se\/wp-content\/uploads\/2023\/02\/Bestall-service-eller-kalibrering-av-pipetter-1.png\" alt=\"\" class=\"wp-image-300\" srcset=\"https:\/\/dandiag.se\/wp-content\/uploads\/2023\/02\/Bestall-service-eller-kalibrering-av-pipetter-1.png 400w, https:\/\/dandiag.se\/wp-content\/uploads\/2023\/02\/Bestall-service-eller-kalibrering-av-pipetter-1-300x75.png 300w\" sizes=\"auto, (max-width: 400px) 100vw, 400px\" \/><\/a><\/figure>\n\n\n\n<div style=\"height:30px\" aria-hidden=\"true\" class=\"wp-block-spacer\"><\/div>\n\n\n\n<h3 class=\"alignwide wp-block-heading has-large-font-size\"><strong>Installation, konfigurering, kalibrering och service av v\u00e5gar<\/strong><\/h3>\n\n\n\n<div class=\"wp-block-media-text alignwide has-media-on-the-right is-stacked-on-mobile\"><div class=\"wp-block-media-text__content\">\n<p>F\u00e5 service utf\u00f6rd samt en standard sp\u00e5rbar eller DANAK-ackrediterad kalibrering p\u00e5 alla typer av v\u00e5gar upp till 72 kg och f\u00e5 noggranna m\u00e5tt f\u00f6r alla dina v\u00e4gningsuppgifter.<\/p>\n\n\n\n<p>F\u00f6r kalibreringar rekommenderar vi \u00e4ven att m\u00e4ta:<\/p>\n\n\n\n<ul class=\"wp-block-list\">\n<li>Excentrisk belastning<\/li>\n\n\n\n<li>Repeterbarhet<\/li>\n\n\n\n<li>Best\u00e4mning av linj\u00e4ritet<\/li>\n\n\n\n<li>Service och konfiguration<\/li>\n<\/ul>\n\n\n\n<p>Ut\u00f6ver kalibreringar erbjuder vi \u00e4ven service och konfiguration av v\u00e5gar. Med v\u00e5rt serviceavtal \u00e4r du s\u00e4ker p\u00e5 att din v\u00e5g \u00e4r r\u00e4tt inst\u00e4lld, uppst\u00e4lld med n\u00f6dv\u00e4ndiga tillbeh\u00f6r och anpassad efter din laboratoriemilj\u00f6. Service utf\u00f6rs med ett fast intervall eller vid behov.<\/p>\n\n\n\n<p>N\u00e4r tj\u00e4nster utf\u00f6rs:<\/p>\n\n\n\n<ul class=\"wp-block-list\">\n<li>Utv\u00e4ndig reng\u00f6ring<\/li>\n\n\n\n<li>Inv\u00e4ndig st\u00e4dning<br><\/li>\n<\/ul>\n\n\n\n<p>Dessutom, om s\u00e5 \u00f6nskas, kan det utf\u00f6ras<\/p>\n\n\n\n<ul class=\"wp-block-list\">\n<li>Justering och kontroll av inv\u00e4ndigt och utv\u00e4ndigt <\/li>\n\n\n\n<li>Justering av den excentriska belastningen<br><\/li>\n<\/ul>\n<\/div><figure class=\"wp-block-media-text__media\"><img decoding=\"async\" src=\"https:\/\/dandiag.se\/wp-content\/uploads\/2023\/02\/custom-namedandiag-2016hi3q1067.jpg?w=683\" alt=\"\" class=\"wp-image-268 size-full\"\/><\/figure><\/div>\n\n\n\n<div style=\"height:30px\" aria-hidden=\"true\" class=\"wp-block-spacer\"><\/div>\n\n\n\n<div class=\"wp-block-buttons is-content-justification-center is-layout-flex wp-container-core-buttons-is-layout-a89b3969 wp-block-buttons-is-layout-flex\"><\/div>\n\n\n\n<figure class=\"wp-block-image aligncenter size-full\"><a href=\"https:\/\/forms.office.com\/Pages\/ResponsePage.aspx?id=XM5Pjk9Vsk-I7timzJDXNQgeqosmLX1JgaqZTT7MxylURFcwSDgzTUVSVzFBRFozMDFUUjU4OU0zSC4u\" target=\"_blank\" rel=\"noreferrer noopener\"><img loading=\"lazy\" decoding=\"async\" width=\"400\" height=\"100\" src=\"https:\/\/dandiag.se\/wp-content\/uploads\/2023\/02\/Bestall-service-eller-kalibrering-av-vagar-1.png\" alt=\"\" class=\"wp-image-301\" srcset=\"https:\/\/dandiag.se\/wp-content\/uploads\/2023\/02\/Bestall-service-eller-kalibrering-av-vagar-1.png 400w, https:\/\/dandiag.se\/wp-content\/uploads\/2023\/02\/Bestall-service-eller-kalibrering-av-vagar-1-300x75.png 300w\" sizes=\"auto, (max-width: 400px) 100vw, 400px\" \/><\/a><\/figure>\n","protected":false},"excerpt":{"rendered":"<p>Dandiag erbjuder service och reparationer av alla typer och m\u00e4rken av pipetter. Installation, konfigurering, kalibrering och service av v\u00e5gar<\/p>\n","protected":false},"author":1,"featured_media":0,"parent":0,"menu_order":0,"comment_status":"closed","ping_status":"closed","template":"","meta":{"footnotes":""},"class_list":["post-233","page","type-page","status-publish","hentry"],"_links":{"self":[{"href":"https:\/\/dandiag.se\/index.php?rest_route=\/wp\/v2\/pages\/233","targetHints":{"allow":["GET"]}}],"collection":[{"href":"https:\/\/dandiag.se\/index.php?rest_route=\/wp\/v2\/pages"}],"about":[{"href":"https:\/\/dandiag.se\/index.php?rest_route=\/wp\/v2\/types\/page"}],"author":[{"embeddable":true,"href":"https:\/\/dandiag.se\/index.php?rest_route=\/wp\/v2\/users\/1"}],"replies":[{"embeddable":true,"href":"https:\/\/dandiag.se\/index.php?rest_route=%2Fwp%2Fv2%2Fcomments&post=233"}],"version-history":[{"count":7,"href":"https:\/\/dandiag.se\/index.php?rest_route=\/wp\/v2\/pages\/233\/revisions"}],"predecessor-version":[{"id":365,"href":"https:\/\/dandiag.se\/index.php?rest_route=\/wp\/v2\/pages\/233\/revisions\/365"}],"wp:attachment":[{"href":"https:\/\/dandiag.se\/index.php?rest_route=%2Fwp%2Fv2%2Fmedia&parent=233"}],"curies":[{"name":"wp","href":"https:\/\/api.w.org\/{rel}","templated":true}]}}