{"id":130,"date":"2023-02-03T16:15:56","date_gmt":"2023-02-03T15:15:56","guid":{"rendered":"https:\/\/dandiag.wordpress.com\/?page_id=130"},"modified":"2023-04-12T06:54:08","modified_gmt":"2023-04-12T06:54:08","slug":"specialister","status":"publish","type":"page","link":"https:\/\/dandiag.se\/?page_id=130","title":{"rendered":"Specialister"},"content":{"rendered":"\n<div class=\"wp-block-cover alignfull is-light\" style=\"min-height:600px;aspect-ratio:unset;\"><span aria-hidden=\"true\" class=\"wp-block-cover__background has-luminous-vivid-orange-background-color has-background-dim-40 has-background-dim\"><\/span><img decoding=\"async\" class=\"wp-block-cover__image-background wp-image-15\" alt=\"\" src=\"https:\/\/dandiag.se\/wp-content\/uploads\/2023\/01\/dandiag-lab-1.jpg\" data-object-fit=\"cover\"\/><div class=\"wp-block-cover__inner-container is-layout-flow wp-block-cover-is-layout-flow\">\n<h1 class=\"has-text-align-center wp-block-heading has-background-color has-text-color\" style=\"font-size:4.7rem;text-transform:uppercase\">Vi ger dig r\u00e5d om den b\u00e4sta l\u00f6sningen<\/h1>\n<\/div><\/div>\n\n\n\n<h1 class=\"wp-block-heading\">M\u00f6t Dandiags specialister<\/h1>\n\n\n\n<div class=\"wp-block-media-text is-stacked-on-mobile\" style=\"grid-template-columns:30% auto\"><figure class=\"wp-block-media-text__media\"><img loading=\"lazy\" decoding=\"async\" width=\"1181\" height=\"1181\" src=\"https:\/\/dandiag.se\/wp-content\/uploads\/2023\/01\/2016-110b-marlene-006.jpg?w=1024\" alt=\"\" class=\"wp-image-135 size-full\" srcset=\"https:\/\/dandiag.se\/wp-content\/uploads\/2023\/01\/2016-110b-marlene-006.jpg 1181w, https:\/\/dandiag.se\/wp-content\/uploads\/2023\/01\/2016-110b-marlene-006-300x300.jpg 300w, https:\/\/dandiag.se\/wp-content\/uploads\/2023\/01\/2016-110b-marlene-006-1024x1024.jpg 1024w, https:\/\/dandiag.se\/wp-content\/uploads\/2023\/01\/2016-110b-marlene-006-150x150.jpg 150w, https:\/\/dandiag.se\/wp-content\/uploads\/2023\/01\/2016-110b-marlene-006-768x768.jpg 768w\" sizes=\"auto, (max-width: 1181px) 100vw, 1181px\" \/><\/figure><div class=\"wp-block-media-text__content\">\n<p>Marlene Petersen<br>S\u00e4lj- och produktspecialist<br><br>MP@dandiag.dk<br>+45 3168 0708<\/p>\n<\/div><\/div>\n\n\n\n<div class=\"wp-block-media-text is-stacked-on-mobile\" style=\"grid-template-columns:30% auto\"><figure class=\"wp-block-media-text__media\"><img decoding=\"async\" src=\"https:\/\/dandiag.se\/wp-content\/uploads\/2023\/01\/2021-49-sabine-kahler-014-1.jpg?w=1024\" alt=\"\" class=\"wp-image-137 size-full\"\/><\/figure><div class=\"wp-block-media-text__content\">\n<p>Sabine K\u00e4hler<br>S\u00e4lj- och produktspecialist<br><br>SK@dandiag.dk<br>+45 3116 9067<\/p>\n<\/div><\/div>\n\n\n\n<div class=\"wp-block-media-text is-stacked-on-mobile\" style=\"grid-template-columns:30% auto\"><figure class=\"wp-block-media-text__media\"><img loading=\"lazy\" decoding=\"async\" width=\"1000\" height=\"1000\" src=\"https:\/\/dandiag.se\/wp-content\/uploads\/2023\/01\/rene-kappelgaard_2022.jpg\" alt=\"\" class=\"wp-image-132 size-full\" srcset=\"https:\/\/dandiag.se\/wp-content\/uploads\/2023\/01\/rene-kappelgaard_2022.jpg 1000w, https:\/\/dandiag.se\/wp-content\/uploads\/2023\/01\/rene-kappelgaard_2022-300x300.jpg 300w, https:\/\/dandiag.se\/wp-content\/uploads\/2023\/01\/rene-kappelgaard_2022-150x150.jpg 150w, https:\/\/dandiag.se\/wp-content\/uploads\/2023\/01\/rene-kappelgaard_2022-768x768.jpg 768w\" sizes=\"auto, (max-width: 1000px) 100vw, 1000px\" \/><\/figure><div class=\"wp-block-media-text__content\">\n<p>Ren\u00e9 Kappelg\u00e5rd<br>Kommersiell Chef<br><br>RKA@dandiag.dk<br>+45 5080 8050<\/p>\n<\/div><\/div>\n\n\n\n<div class=\"wp-block-media-text is-stacked-on-mobile\" style=\"grid-template-columns:30% auto\"><figure class=\"wp-block-media-text__media\"><img decoding=\"async\" src=\"https:\/\/dandiag.se\/wp-content\/uploads\/2023\/01\/2016-110c-mette-009-2.jpg?w=1024\" alt=\"\" class=\"wp-image-141 size-full\"\/><\/figure><div class=\"wp-block-media-text__content\">\n<p>Mette Heisel<br>Produktspecialist &#8211; Service<br><br>MH@dandiag.dk<br>+45 2152 6644<\/p>\n<\/div><\/div>\n\n\n\n<div class=\"wp-block-media-text is-stacked-on-mobile\" style=\"grid-template-columns:30% auto\"><figure class=\"wp-block-media-text__media\"><img loading=\"lazy\" decoding=\"async\" width=\"1024\" height=\"1024\" src=\"https:\/\/dandiag.se\/wp-content\/uploads\/2023\/02\/TS@dandiag.dk_-1024x1024.jpg\" alt=\"\" class=\"wp-image-342 size-full\" srcset=\"https:\/\/dandiag.se\/wp-content\/uploads\/2023\/02\/TS@dandiag.dk_-1024x1024.jpg 1024w, https:\/\/dandiag.se\/wp-content\/uploads\/2023\/02\/TS@dandiag.dk_-300x300.jpg 300w, https:\/\/dandiag.se\/wp-content\/uploads\/2023\/02\/TS@dandiag.dk_-150x150.jpg 150w, https:\/\/dandiag.se\/wp-content\/uploads\/2023\/02\/TS@dandiag.dk_-768x768.jpg 768w, https:\/\/dandiag.se\/wp-content\/uploads\/2023\/02\/TS@dandiag.dk_.jpg 1181w\" sizes=\"auto, (max-width: 1024px) 100vw, 1024px\" \/><\/figure><div class=\"wp-block-media-text__content\">\n<p>Tove S\u00f8gaard<br>Kvalitetsansvarig &#8211; QA<br><br>TS@dandiag.dk<br>+45 3168 0701<\/p>\n<\/div><\/div>\n","protected":false},"excerpt":{"rendered":"<p>M\u00f6t Dandiags specialister Marlene PetersenS\u00e4lj- och produktspecialist MP@dandiag.dk+45 3168 0708 Sabine K\u00e4hlerS\u00e4lj- och produktspecialist SK@dandiag.dk+45 3116 9067 Ren\u00e9 Kappelg\u00e5rdKommersiell Chef RKA@dandiag.dk+45 5080 8050 Mette HeiselProduktspecialist &#8211; Service MH@dandiag.dk+45 2152 6644 Tove S\u00f8gaardKvalitetsansvarig &#8211; QA TS@dandiag.dk+45 3168 0701<\/p>\n","protected":false},"author":1,"featured_media":0,"parent":0,"menu_order":0,"comment_status":"closed","ping_status":"closed","template":"","meta":{"footnotes":""},"class_list":["post-130","page","type-page","status-publish","hentry"],"_links":{"self":[{"href":"https:\/\/dandiag.se\/index.php?rest_route=\/wp\/v2\/pages\/130","targetHints":{"allow":["GET"]}}],"collection":[{"href":"https:\/\/dandiag.se\/index.php?rest_route=\/wp\/v2\/pages"}],"about":[{"href":"https:\/\/dandiag.se\/index.php?rest_route=\/wp\/v2\/types\/page"}],"author":[{"embeddable":true,"href":"https:\/\/dandiag.se\/index.php?rest_route=\/wp\/v2\/users\/1"}],"replies":[{"embeddable":true,"href":"https:\/\/dandiag.se\/index.php?rest_route=%2Fwp%2Fv2%2Fcomments&post=130"}],"version-history":[{"count":3,"href":"https:\/\/dandiag.se\/index.php?rest_route=\/wp\/v2\/pages\/130\/revisions"}],"predecessor-version":[{"id":359,"href":"https:\/\/dandiag.se\/index.php?rest_route=\/wp\/v2\/pages\/130\/revisions\/359"}],"wp:attachment":[{"href":"https:\/\/dandiag.se\/index.php?rest_route=%2Fwp%2Fv2%2Fmedia&parent=130"}],"curies":[{"name":"wp","href":"https:\/\/api.w.org\/{rel}","templated":true}]}}